{"id":251,"date":"2014-05-08T14:16:02","date_gmt":"2014-05-08T12:16:02","guid":{"rendered":"http:\/\/www.termoker.hu\/?page_id=251"},"modified":"2016-12-15T13:14:22","modified_gmt":"2016-12-15T12:14:22","slug":"gaztuzhelyek","status":"publish","type":"page","link":"http:\/\/www.termoker.hu\/?page_id=251","title":{"rendered":"G\u00e1zt\u0171zhelyek"},"content":{"rendered":"<p><span style=\"font-family: arial,helvetica,sans-serif;\"><strong>&nbsp;<\/strong><\/span><\/p>\n<table style=\"width: 567px; height: 401px;\" border=\"0\">\n<tbody>\n<tr style=\"height: 209.7px;\">\n<td style=\"height: 209.7px; text-align: center;\"><a href=\"http:\/\/www.termoker.hu\/wp-content\/uploads\/2014\/05\/163815074.mora-ps-131-mw11.jpg\"><img decoding=\"async\" loading=\"lazy\" width=\"118\" height=\"178\" class=\"aligncenter\" alt=\"163815074.mora-ps-131-mw1\" src=\"http:\/\/www.termoker.hu\/wp-content\/uploads\/2014\/05\/163815074.mora-ps-131-mw11-200x300.jpg\"><\/a><\/td>\n<td style=\"width: 201.46px; height: 209.7px; text-align: center;\"><span style=\"font-family: arial, helvetica, sans-serif;\"><a href=\"http:\/\/www.termoker.hu\/wp-content\/uploads\/2014\/05\/13584277371.jpg\"><img decoding=\"async\" loading=\"lazy\" width=\"218\" height=\"218\" class=\"ngg-singlepic ngg-none aligncenter\" alt=\"Mora KS443-\" src=\"http:\/\/www.termoker.hu\/wp-content\/gallery\/gaztuzhelyek\/Mora-KS443-.jpg\"><\/a><\/span><\/td>\n<td style=\"width: 176.54px; height: 209.7px; text-align: center;\"><span style=\"font-family: arial, helvetica, sans-serif;\"><a href=\"http:\/\/www.termoker.hu\/wp-content\/uploads\/2014\/05\/KS443GI.jpg\"><img decoding=\"async\" loading=\"lazy\" width=\"106\" height=\"213\" class=\" wp-image-776 aligncenter\" alt=\"KS443GI\" src=\"http:\/\/www.termoker.hu\/wp-content\/uploads\/2014\/05\/KS443GI.jpg\"><\/a><\/span><\/td>\n<\/tr>\n<tr style=\"height: 92px;\">\n<td style=\"width: 136px; height: 92px; text-align: center;\"><span style=\"font-family: arial, helvetica, sans-serif;\">&nbsp;MORA PS131 MW1 4 \u00e9g\u0151s g\u00e1zt\u0171zhely tet\u0151 n\u00e9lk\u00fcl<\/span><\/td>\n<td style=\"width: 201.46px; height: 92px; text-align: center;\"><span style=\"font-family: arial, helvetica, sans-serif;\">&nbsp;MORA KS443 GW \u00e9g\u0151s g\u00e1zt\u0171zhely, f\u00e9m tet\u0151vel, elektromos s\u00fct\u0151vel<\/span><\/td>\n<td style=\"width: 176.54px; height: 92px; text-align: center;\"><span style=\"font-family: arial, helvetica, sans-serif;\">&nbsp;MORA KS443 GI 4 \u00e9g\u0151s g\u00e1zt\u0171zhely, \u00fcveg tet\u0151vel, elektromos s\u00fct\u0151vel, l\u00e9gkever\u00e9ssel, sz\u00fcrke sz\u00ednben<\/span><\/td>\n<\/tr>\n<\/tbody>\n<\/table>\n<p>&nbsp;<\/p>\n<p><span style=\"font-family: arial, helvetica, sans-serif;\"><strong>&nbsp;<\/strong><\/span><\/p>\n","protected":false},"excerpt":{"rendered":"<p>&nbsp; &nbsp;MORA PS131 MW1 4 \u00e9g\u0151s g\u00e1zt\u0171zhely tet\u0151 n\u00e9lk\u00fcl &nbsp;MORA KS443 GW \u00e9g\u0151s g\u00e1zt\u0171zhely, f\u00e9m tet\u0151vel, elektromos s\u00fct\u0151vel &nbsp;MORA KS443 GI 4 \u00e9g\u0151s g\u00e1zt\u0171zhely, \u00fcveg tet\u0151vel, elektromos s\u00fct\u0151vel, l\u00e9gkever\u00e9ssel, sz\u00fcrke sz\u00ednben &nbsp; &nbsp;<\/p>\n","protected":false},"author":2,"featured_media":0,"parent":0,"menu_order":0,"comment_status":"closed","ping_status":"open","template":"","meta":{"ngg_post_thumbnail":0,"footnotes":""},"_links":{"self":[{"href":"http:\/\/www.termoker.hu\/index.php?rest_route=\/wp\/v2\/pages\/251"}],"collection":[{"href":"http:\/\/www.termoker.hu\/index.php?rest_route=\/wp\/v2\/pages"}],"about":[{"href":"http:\/\/www.termoker.hu\/index.php?rest_route=\/wp\/v2\/types\/page"}],"author":[{"embeddable":true,"href":"http:\/\/www.termoker.hu\/index.php?rest_route=\/wp\/v2\/users\/2"}],"replies":[{"embeddable":true,"href":"http:\/\/www.termoker.hu\/index.php?rest_route=%2Fwp%2Fv2%2Fcomments&post=251"}],"version-history":[{"count":15,"href":"http:\/\/www.termoker.hu\/index.php?rest_route=\/wp\/v2\/pages\/251\/revisions"}],"predecessor-version":[{"id":1209,"href":"http:\/\/www.termoker.hu\/index.php?rest_route=\/wp\/v2\/pages\/251\/revisions\/1209"}],"wp:attachment":[{"href":"http:\/\/www.termoker.hu\/index.php?rest_route=%2Fwp%2Fv2%2Fmedia&parent=251"}],"curies":[{"name":"wp","href":"https:\/\/api.w.org\/{rel}","templated":true}]}}